{"id":10,"date":"2023-01-21T22:36:20","date_gmt":"2023-01-21T21:36:20","guid":{"rendered":"https:\/\/weinlager-fehraltorf.ch\/?page_id=10"},"modified":"2024-01-30T21:24:49","modified_gmt":"2024-01-30T20:24:49","slug":"weinlager-weinkeller-weinabteile-mieten","status":"publish","type":"page","link":"https:\/\/weinlager-fehraltorf.ch\/","title":{"rendered":"Willkommen im Weinlager Fehraltorf"},"content":{"rendered":"\n<p>Sie wollen als Privatperson oder H\u00e4ndler Ihre kostbaren Weine professionell und absolut autonom einlagern? Wir bieten Weinabteile in einem grossen klimatisierten Weinlager. Individueller Zugang rund um die Uhr mit Warenlift und kostenfreien Parkm\u00f6glichkeiten.<\/p>\n","protected":false},"excerpt":{"rendered":"<p>Sie wollen als Privatperson oder H\u00e4ndler Ihre kostbaren Weine professionell und absolut autonom einlagern? Wir bieten Weinabteile in einem grossen klimatisierten Weinlager. Individueller Zugang rund um die Uhr mit Warenlift und kostenfreien Parkm\u00f6glichkeiten.<\/p>\n","protected":false},"author":1,"featured_media":0,"parent":0,"menu_order":0,"comment_status":"closed","ping_status":"closed","template":"","meta":{"footnotes":""},"class_list":["post-10","page","type-page","status-publish","hentry"],"yoast_head":"<!-- This site is optimized with the Yoast SEO plugin v27.3 - https:\/\/yoast.com\/product\/yoast-seo-wordpress\/ -->\n<title>Klimatisiertes Weinlager mieten in Fehraltorf f\u00fcr Weinliebhaber<\/title>\n<meta name=\"description\" content=\"Klimatisiertes Weinlager f\u00fcr Privatperson oder H\u00e4ndler mieten. Wir bieten Weinlagerabteile in einem grossen Weinkeller in Fehraltorf.\" \/>\n<meta name=\"robots\" content=\"index, follow, max-snippet:-1, max-image-preview:large, max-video-preview:-1\" \/>\n<link rel=\"canonical\" href=\"https:\/\/weinlager-fehraltorf.ch\/\" \/>\n<meta property=\"og:locale\" content=\"de_DE\" \/>\n<meta property=\"og:type\" content=\"article\" \/>\n<meta property=\"og:title\" content=\"Klimatisiertes Weinlager mieten in Fehraltorf f\u00fcr Weinliebhaber\" \/>\n<meta property=\"og:description\" content=\"Klimatisiertes Weinlager f\u00fcr Privatperson oder H\u00e4ndler mieten. Wir bieten Weinlagerabteile in einem grossen Weinkeller in Fehraltorf.\" \/>\n<meta property=\"og:url\" content=\"https:\/\/weinlager-fehraltorf.ch\/\" \/>\n<meta property=\"og:site_name\" content=\"Weinlager Fehraltorf\" \/>\n<meta property=\"article:modified_time\" content=\"2024-01-30T20:24:49+00:00\" \/>\n<meta name=\"twitter:card\" content=\"summary_large_image\" \/>\n<meta name=\"twitter:label1\" content=\"Gesch\u00e4tzte Lesezeit\" \/>\n\t<meta name=\"twitter:data1\" content=\"1\u00a0Minute\" \/>\n<script type=\"application\/ld+json\" class=\"yoast-schema-graph\">{\"@context\":\"https:\\\/\\\/schema.org\",\"@graph\":[{\"@type\":\"WebPage\",\"@id\":\"https:\\\/\\\/weinlager-fehraltorf.ch\\\/\",\"url\":\"https:\\\/\\\/weinlager-fehraltorf.ch\\\/\",\"name\":\"Klimatisiertes Weinlager mieten in Fehraltorf f\u00fcr Weinliebhaber\",\"isPartOf\":{\"@id\":\"https:\\\/\\\/weinlager-fehraltorf.ch\\\/#website\"},\"datePublished\":\"2023-01-21T21:36:20+00:00\",\"dateModified\":\"2024-01-30T20:24:49+00:00\",\"description\":\"Klimatisiertes Weinlager f\u00fcr Privatperson oder H\u00e4ndler mieten. Wir bieten Weinlagerabteile in einem grossen Weinkeller in Fehraltorf.\",\"breadcrumb\":{\"@id\":\"https:\\\/\\\/weinlager-fehraltorf.ch\\\/#breadcrumb\"},\"inLanguage\":\"de-CH\",\"potentialAction\":[{\"@type\":\"ReadAction\",\"target\":[\"https:\\\/\\\/weinlager-fehraltorf.ch\\\/\"]}]},{\"@type\":\"BreadcrumbList\",\"@id\":\"https:\\\/\\\/weinlager-fehraltorf.ch\\\/#breadcrumb\",\"itemListElement\":[{\"@type\":\"ListItem\",\"position\":1,\"name\":\"Home\",\"item\":\"https:\\\/\\\/weinlager-fehraltorf.ch\\\/\"},{\"@type\":\"ListItem\",\"position\":2,\"name\":\"Willkommen im Weinlager Fehraltorf\"}]},{\"@type\":\"WebSite\",\"@id\":\"https:\\\/\\\/weinlager-fehraltorf.ch\\\/#website\",\"url\":\"https:\\\/\\\/weinlager-fehraltorf.ch\\\/\",\"name\":\"Weinlager Fehraltorf\",\"description\":\"\",\"publisher\":{\"@id\":\"https:\\\/\\\/weinlager-fehraltorf.ch\\\/#organization\"},\"potentialAction\":[{\"@type\":\"SearchAction\",\"target\":{\"@type\":\"EntryPoint\",\"urlTemplate\":\"https:\\\/\\\/weinlager-fehraltorf.ch\\\/?s={search_term_string}\"},\"query-input\":{\"@type\":\"PropertyValueSpecification\",\"valueRequired\":true,\"valueName\":\"search_term_string\"}}],\"inLanguage\":\"de-CH\"},{\"@type\":\"Organization\",\"@id\":\"https:\\\/\\\/weinlager-fehraltorf.ch\\\/#organization\",\"name\":\"Weinlager Fehraltorf\",\"url\":\"https:\\\/\\\/weinlager-fehraltorf.ch\\\/\",\"logo\":{\"@type\":\"ImageObject\",\"inLanguage\":\"de-CH\",\"@id\":\"https:\\\/\\\/weinlager-fehraltorf.ch\\\/#\\\/schema\\\/logo\\\/image\\\/\",\"url\":\"https:\\\/\\\/i0.wp.com\\\/weinlager-fehraltorf.ch\\\/wp-content\\\/uploads\\\/2023\\\/01\\\/20230114_113211-1.jpg?fit=1421%2C2345&ssl=1\",\"contentUrl\":\"https:\\\/\\\/i0.wp.com\\\/weinlager-fehraltorf.ch\\\/wp-content\\\/uploads\\\/2023\\\/01\\\/20230114_113211-1.jpg?fit=1421%2C2345&ssl=1\",\"width\":1421,\"height\":2345,\"caption\":\"Weinlager Fehraltorf\"},\"image\":{\"@id\":\"https:\\\/\\\/weinlager-fehraltorf.ch\\\/#\\\/schema\\\/logo\\\/image\\\/\"},\"sameAs\":[\"https:\\\/\\\/linkedin.com\\\/company\\\/weinlager-fehraltorf\"]}]}<\/script>\n<!-- \/ Yoast SEO plugin. -->","yoast_head_json":{"title":"Klimatisiertes Weinlager mieten in Fehraltorf f\u00fcr Weinliebhaber","description":"Klimatisiertes Weinlager f\u00fcr Privatperson oder H\u00e4ndler mieten. Wir bieten Weinlagerabteile in einem grossen Weinkeller in Fehraltorf.","robots":{"index":"index","follow":"follow","max-snippet":"max-snippet:-1","max-image-preview":"max-image-preview:large","max-video-preview":"max-video-preview:-1"},"canonical":"https:\/\/weinlager-fehraltorf.ch\/","og_locale":"de_DE","og_type":"article","og_title":"Klimatisiertes Weinlager mieten in Fehraltorf f\u00fcr Weinliebhaber","og_description":"Klimatisiertes Weinlager f\u00fcr Privatperson oder H\u00e4ndler mieten. Wir bieten Weinlagerabteile in einem grossen Weinkeller in Fehraltorf.","og_url":"https:\/\/weinlager-fehraltorf.ch\/","og_site_name":"Weinlager Fehraltorf","article_modified_time":"2024-01-30T20:24:49+00:00","twitter_card":"summary_large_image","twitter_misc":{"Gesch\u00e4tzte Lesezeit":"1\u00a0Minute"},"schema":{"@context":"https:\/\/schema.org","@graph":[{"@type":"WebPage","@id":"https:\/\/weinlager-fehraltorf.ch\/","url":"https:\/\/weinlager-fehraltorf.ch\/","name":"Klimatisiertes Weinlager mieten in Fehraltorf f\u00fcr Weinliebhaber","isPartOf":{"@id":"https:\/\/weinlager-fehraltorf.ch\/#website"},"datePublished":"2023-01-21T21:36:20+00:00","dateModified":"2024-01-30T20:24:49+00:00","description":"Klimatisiertes Weinlager f\u00fcr Privatperson oder H\u00e4ndler mieten. Wir bieten Weinlagerabteile in einem grossen Weinkeller in Fehraltorf.","breadcrumb":{"@id":"https:\/\/weinlager-fehraltorf.ch\/#breadcrumb"},"inLanguage":"de-CH","potentialAction":[{"@type":"ReadAction","target":["https:\/\/weinlager-fehraltorf.ch\/"]}]},{"@type":"BreadcrumbList","@id":"https:\/\/weinlager-fehraltorf.ch\/#breadcrumb","itemListElement":[{"@type":"ListItem","position":1,"name":"Home","item":"https:\/\/weinlager-fehraltorf.ch\/"},{"@type":"ListItem","position":2,"name":"Willkommen im Weinlager Fehraltorf"}]},{"@type":"WebSite","@id":"https:\/\/weinlager-fehraltorf.ch\/#website","url":"https:\/\/weinlager-fehraltorf.ch\/","name":"Weinlager Fehraltorf","description":"","publisher":{"@id":"https:\/\/weinlager-fehraltorf.ch\/#organization"},"potentialAction":[{"@type":"SearchAction","target":{"@type":"EntryPoint","urlTemplate":"https:\/\/weinlager-fehraltorf.ch\/?s={search_term_string}"},"query-input":{"@type":"PropertyValueSpecification","valueRequired":true,"valueName":"search_term_string"}}],"inLanguage":"de-CH"},{"@type":"Organization","@id":"https:\/\/weinlager-fehraltorf.ch\/#organization","name":"Weinlager Fehraltorf","url":"https:\/\/weinlager-fehraltorf.ch\/","logo":{"@type":"ImageObject","inLanguage":"de-CH","@id":"https:\/\/weinlager-fehraltorf.ch\/#\/schema\/logo\/image\/","url":"https:\/\/i0.wp.com\/weinlager-fehraltorf.ch\/wp-content\/uploads\/2023\/01\/20230114_113211-1.jpg?fit=1421%2C2345&ssl=1","contentUrl":"https:\/\/i0.wp.com\/weinlager-fehraltorf.ch\/wp-content\/uploads\/2023\/01\/20230114_113211-1.jpg?fit=1421%2C2345&ssl=1","width":1421,"height":2345,"caption":"Weinlager Fehraltorf"},"image":{"@id":"https:\/\/weinlager-fehraltorf.ch\/#\/schema\/logo\/image\/"},"sameAs":["https:\/\/linkedin.com\/company\/weinlager-fehraltorf"]}]}},"jetpack_sharing_enabled":true,"_links":{"self":[{"href":"https:\/\/weinlager-fehraltorf.ch\/index.php\/wp-json\/wp\/v2\/pages\/10","targetHints":{"allow":["GET"]}}],"collection":[{"href":"https:\/\/weinlager-fehraltorf.ch\/index.php\/wp-json\/wp\/v2\/pages"}],"about":[{"href":"https:\/\/weinlager-fehraltorf.ch\/index.php\/wp-json\/wp\/v2\/types\/page"}],"author":[{"embeddable":true,"href":"https:\/\/weinlager-fehraltorf.ch\/index.php\/wp-json\/wp\/v2\/users\/1"}],"replies":[{"embeddable":true,"href":"https:\/\/weinlager-fehraltorf.ch\/index.php\/wp-json\/wp\/v2\/comments?post=10"}],"version-history":[{"count":4,"href":"https:\/\/weinlager-fehraltorf.ch\/index.php\/wp-json\/wp\/v2\/pages\/10\/revisions"}],"predecessor-version":[{"id":137,"href":"https:\/\/weinlager-fehraltorf.ch\/index.php\/wp-json\/wp\/v2\/pages\/10\/revisions\/137"}],"wp:attachment":[{"href":"https:\/\/weinlager-fehraltorf.ch\/index.php\/wp-json\/wp\/v2\/media?parent=10"}],"curies":[{"name":"wp","href":"https:\/\/api.w.org\/{rel}","templated":true}]}}