{"id":11,"date":"2023-01-21T22:36:20","date_gmt":"2023-01-21T21:36:20","guid":{"rendered":"https:\/\/weinlager-fehraltorf.ch\/?page_id=11"},"modified":"2023-12-03T16:50:51","modified_gmt":"2023-12-03T15:50:51","slug":"diverse-lagerabteile-von-klein-bis-gross","status":"publish","type":"page","link":"https:\/\/weinlager-fehraltorf.ch\/index.php\/diverse-lagerabteile-von-klein-bis-gross\/","title":{"rendered":"Lagerabteile"},"content":{"rendered":"\n<p>Auf total 150m<sup>2<\/sup> bieten wir in verschiedenen Gr\u00f6ssen klimatisierte Weinlagerabteile zum mieten. Von 1.5m<sup>2<\/sup> bis 21m<sup>2<\/sup> ist f\u00fcr jeden etwas dabei. Ihre Weine sind nur f\u00fcr Sie 24h zug\u00e4nglich (eigener Schl\u00fcssel). Das Lagergeb\u00e4ude ist video\u00fcberwacht und bietet f\u00fcr alle Mieter gratis Internetzugang.<\/p>\n\n\n\n<p>Wir k\u00fchlen mit unserem eigenen Solarstrom!<\/p>\n","protected":false},"excerpt":{"rendered":"<p>Auf total 150m2 bieten wir in verschiedenen Gr\u00f6ssen klimatisierte Weinlagerabteile zum mieten. Von 1.5m2 bis 21m2 ist f\u00fcr jeden etwas dabei. Ihre Weine sind nur f\u00fcr Sie 24h zug\u00e4nglich (eigener Schl\u00fcssel). Das Lagergeb\u00e4ude ist video\u00fcberwacht und bietet f\u00fcr alle Mieter gratis Internetzugang. Wir k\u00fchlen mit unserem eigenen Solarstrom!<\/p>\n","protected":false},"author":1,"featured_media":53,"parent":0,"menu_order":0,"comment_status":"closed","ping_status":"closed","template":"","meta":{"footnotes":""},"class_list":["post-11","page","type-page","status-publish","has-post-thumbnail","hentry"],"yoast_head":"<!-- This site is optimized with the Yoast SEO plugin v27.3 - https:\/\/yoast.com\/product\/yoast-seo-wordpress\/ -->\n<title>Lagerabteile - Weinlager Fehraltorf<\/title>\n<meta name=\"description\" content=\"Auf einer Fl\u00e4che von 150m2 bieten wir Lagerabteile in klimatisierter Umgebung f\u00fcr eine optimale Weinlagerung.\" \/>\n<meta name=\"robots\" content=\"index, follow, max-snippet:-1, max-image-preview:large, max-video-preview:-1\" \/>\n<link rel=\"canonical\" href=\"https:\/\/weinlager-fehraltorf.ch\/index.php\/diverse-lagerabteile-von-klein-bis-gross\/\" \/>\n<meta property=\"og:locale\" content=\"de_DE\" \/>\n<meta property=\"og:type\" content=\"article\" \/>\n<meta property=\"og:title\" content=\"Lagerabteile - Weinlager Fehraltorf\" \/>\n<meta property=\"og:description\" content=\"Auf einer Fl\u00e4che von 150m2 bieten wir Lagerabteile in klimatisierter Umgebung f\u00fcr eine optimale Weinlagerung.\" \/>\n<meta property=\"og:url\" content=\"https:\/\/weinlager-fehraltorf.ch\/index.php\/diverse-lagerabteile-von-klein-bis-gross\/\" \/>\n<meta property=\"og:site_name\" content=\"Weinlager Fehraltorf\" \/>\n<meta property=\"article:modified_time\" content=\"2023-12-03T15:50:51+00:00\" \/>\n<meta property=\"og:image\" content=\"https:\/\/weinlager-fehraltorf.ch\/wp-content\/uploads\/2023\/01\/Screenshot-2023-01-21-191507-1024x476.png\" \/>\n\t<meta property=\"og:image:width\" content=\"1024\" \/>\n\t<meta property=\"og:image:height\" content=\"476\" \/>\n\t<meta property=\"og:image:type\" content=\"image\/png\" \/>\n<meta name=\"twitter:card\" content=\"summary_large_image\" \/>\n<meta name=\"twitter:label1\" content=\"Gesch\u00e4tzte Lesezeit\" \/>\n\t<meta name=\"twitter:data1\" content=\"1\u00a0Minute\" \/>\n<script type=\"application\/ld+json\" class=\"yoast-schema-graph\">{\"@context\":\"https:\\\/\\\/schema.org\",\"@graph\":[{\"@type\":\"WebPage\",\"@id\":\"https:\\\/\\\/weinlager-fehraltorf.ch\\\/index.php\\\/diverse-lagerabteile-von-klein-bis-gross\\\/\",\"url\":\"https:\\\/\\\/weinlager-fehraltorf.ch\\\/index.php\\\/diverse-lagerabteile-von-klein-bis-gross\\\/\",\"name\":\"Lagerabteile - Weinlager Fehraltorf\",\"isPartOf\":{\"@id\":\"https:\\\/\\\/weinlager-fehraltorf.ch\\\/#website\"},\"primaryImageOfPage\":{\"@id\":\"https:\\\/\\\/weinlager-fehraltorf.ch\\\/index.php\\\/diverse-lagerabteile-von-klein-bis-gross\\\/#primaryimage\"},\"image\":{\"@id\":\"https:\\\/\\\/weinlager-fehraltorf.ch\\\/index.php\\\/diverse-lagerabteile-von-klein-bis-gross\\\/#primaryimage\"},\"thumbnailUrl\":\"https:\\\/\\\/i0.wp.com\\\/weinlager-fehraltorf.ch\\\/wp-content\\\/uploads\\\/2023\\\/01\\\/Screenshot-2023-01-21-191507.png?fit=1656%2C769&ssl=1\",\"datePublished\":\"2023-01-21T21:36:20+00:00\",\"dateModified\":\"2023-12-03T15:50:51+00:00\",\"description\":\"Auf einer Fl\u00e4che von 150m2 bieten wir Lagerabteile in klimatisierter Umgebung f\u00fcr eine optimale Weinlagerung.\",\"breadcrumb\":{\"@id\":\"https:\\\/\\\/weinlager-fehraltorf.ch\\\/index.php\\\/diverse-lagerabteile-von-klein-bis-gross\\\/#breadcrumb\"},\"inLanguage\":\"de-CH\",\"potentialAction\":[{\"@type\":\"ReadAction\",\"target\":[\"https:\\\/\\\/weinlager-fehraltorf.ch\\\/index.php\\\/diverse-lagerabteile-von-klein-bis-gross\\\/\"]}]},{\"@type\":\"ImageObject\",\"inLanguage\":\"de-CH\",\"@id\":\"https:\\\/\\\/weinlager-fehraltorf.ch\\\/index.php\\\/diverse-lagerabteile-von-klein-bis-gross\\\/#primaryimage\",\"url\":\"https:\\\/\\\/i0.wp.com\\\/weinlager-fehraltorf.ch\\\/wp-content\\\/uploads\\\/2023\\\/01\\\/Screenshot-2023-01-21-191507.png?fit=1656%2C769&ssl=1\",\"contentUrl\":\"https:\\\/\\\/i0.wp.com\\\/weinlager-fehraltorf.ch\\\/wp-content\\\/uploads\\\/2023\\\/01\\\/Screenshot-2023-01-21-191507.png?fit=1656%2C769&ssl=1\",\"width\":1656,\"height\":769,\"caption\":\"Individuelles Weinabteile\"},{\"@type\":\"BreadcrumbList\",\"@id\":\"https:\\\/\\\/weinlager-fehraltorf.ch\\\/index.php\\\/diverse-lagerabteile-von-klein-bis-gross\\\/#breadcrumb\",\"itemListElement\":[{\"@type\":\"ListItem\",\"position\":1,\"name\":\"Home\",\"item\":\"https:\\\/\\\/weinlager-fehraltorf.ch\\\/\"},{\"@type\":\"ListItem\",\"position\":2,\"name\":\"Lagerabteile\"}]},{\"@type\":\"WebSite\",\"@id\":\"https:\\\/\\\/weinlager-fehraltorf.ch\\\/#website\",\"url\":\"https:\\\/\\\/weinlager-fehraltorf.ch\\\/\",\"name\":\"Weinlager Fehraltorf\",\"description\":\"\",\"publisher\":{\"@id\":\"https:\\\/\\\/weinlager-fehraltorf.ch\\\/#organization\"},\"potentialAction\":[{\"@type\":\"SearchAction\",\"target\":{\"@type\":\"EntryPoint\",\"urlTemplate\":\"https:\\\/\\\/weinlager-fehraltorf.ch\\\/?s={search_term_string}\"},\"query-input\":{\"@type\":\"PropertyValueSpecification\",\"valueRequired\":true,\"valueName\":\"search_term_string\"}}],\"inLanguage\":\"de-CH\"},{\"@type\":\"Organization\",\"@id\":\"https:\\\/\\\/weinlager-fehraltorf.ch\\\/#organization\",\"name\":\"Weinlager Fehraltorf\",\"url\":\"https:\\\/\\\/weinlager-fehraltorf.ch\\\/\",\"logo\":{\"@type\":\"ImageObject\",\"inLanguage\":\"de-CH\",\"@id\":\"https:\\\/\\\/weinlager-fehraltorf.ch\\\/#\\\/schema\\\/logo\\\/image\\\/\",\"url\":\"https:\\\/\\\/i0.wp.com\\\/weinlager-fehraltorf.ch\\\/wp-content\\\/uploads\\\/2023\\\/01\\\/20230114_113211-1.jpg?fit=1421%2C2345&ssl=1\",\"contentUrl\":\"https:\\\/\\\/i0.wp.com\\\/weinlager-fehraltorf.ch\\\/wp-content\\\/uploads\\\/2023\\\/01\\\/20230114_113211-1.jpg?fit=1421%2C2345&ssl=1\",\"width\":1421,\"height\":2345,\"caption\":\"Weinlager Fehraltorf\"},\"image\":{\"@id\":\"https:\\\/\\\/weinlager-fehraltorf.ch\\\/#\\\/schema\\\/logo\\\/image\\\/\"},\"sameAs\":[\"https:\\\/\\\/linkedin.com\\\/company\\\/weinlager-fehraltorf\"]}]}<\/script>\n<!-- \/ Yoast SEO plugin. -->","yoast_head_json":{"title":"Lagerabteile - Weinlager Fehraltorf","description":"Auf einer Fl\u00e4che von 150m2 bieten wir Lagerabteile in klimatisierter Umgebung f\u00fcr eine optimale Weinlagerung.","robots":{"index":"index","follow":"follow","max-snippet":"max-snippet:-1","max-image-preview":"max-image-preview:large","max-video-preview":"max-video-preview:-1"},"canonical":"https:\/\/weinlager-fehraltorf.ch\/index.php\/diverse-lagerabteile-von-klein-bis-gross\/","og_locale":"de_DE","og_type":"article","og_title":"Lagerabteile - Weinlager Fehraltorf","og_description":"Auf einer Fl\u00e4che von 150m2 bieten wir Lagerabteile in klimatisierter Umgebung f\u00fcr eine optimale Weinlagerung.","og_url":"https:\/\/weinlager-fehraltorf.ch\/index.php\/diverse-lagerabteile-von-klein-bis-gross\/","og_site_name":"Weinlager Fehraltorf","article_modified_time":"2023-12-03T15:50:51+00:00","og_image":[{"width":1024,"height":476,"url":"https:\/\/weinlager-fehraltorf.ch\/wp-content\/uploads\/2023\/01\/Screenshot-2023-01-21-191507-1024x476.png","type":"image\/png"}],"twitter_card":"summary_large_image","twitter_misc":{"Gesch\u00e4tzte Lesezeit":"1\u00a0Minute"},"schema":{"@context":"https:\/\/schema.org","@graph":[{"@type":"WebPage","@id":"https:\/\/weinlager-fehraltorf.ch\/index.php\/diverse-lagerabteile-von-klein-bis-gross\/","url":"https:\/\/weinlager-fehraltorf.ch\/index.php\/diverse-lagerabteile-von-klein-bis-gross\/","name":"Lagerabteile - Weinlager Fehraltorf","isPartOf":{"@id":"https:\/\/weinlager-fehraltorf.ch\/#website"},"primaryImageOfPage":{"@id":"https:\/\/weinlager-fehraltorf.ch\/index.php\/diverse-lagerabteile-von-klein-bis-gross\/#primaryimage"},"image":{"@id":"https:\/\/weinlager-fehraltorf.ch\/index.php\/diverse-lagerabteile-von-klein-bis-gross\/#primaryimage"},"thumbnailUrl":"https:\/\/i0.wp.com\/weinlager-fehraltorf.ch\/wp-content\/uploads\/2023\/01\/Screenshot-2023-01-21-191507.png?fit=1656%2C769&ssl=1","datePublished":"2023-01-21T21:36:20+00:00","dateModified":"2023-12-03T15:50:51+00:00","description":"Auf einer Fl\u00e4che von 150m2 bieten wir Lagerabteile in klimatisierter Umgebung f\u00fcr eine optimale Weinlagerung.","breadcrumb":{"@id":"https:\/\/weinlager-fehraltorf.ch\/index.php\/diverse-lagerabteile-von-klein-bis-gross\/#breadcrumb"},"inLanguage":"de-CH","potentialAction":[{"@type":"ReadAction","target":["https:\/\/weinlager-fehraltorf.ch\/index.php\/diverse-lagerabteile-von-klein-bis-gross\/"]}]},{"@type":"ImageObject","inLanguage":"de-CH","@id":"https:\/\/weinlager-fehraltorf.ch\/index.php\/diverse-lagerabteile-von-klein-bis-gross\/#primaryimage","url":"https:\/\/i0.wp.com\/weinlager-fehraltorf.ch\/wp-content\/uploads\/2023\/01\/Screenshot-2023-01-21-191507.png?fit=1656%2C769&ssl=1","contentUrl":"https:\/\/i0.wp.com\/weinlager-fehraltorf.ch\/wp-content\/uploads\/2023\/01\/Screenshot-2023-01-21-191507.png?fit=1656%2C769&ssl=1","width":1656,"height":769,"caption":"Individuelles Weinabteile"},{"@type":"BreadcrumbList","@id":"https:\/\/weinlager-fehraltorf.ch\/index.php\/diverse-lagerabteile-von-klein-bis-gross\/#breadcrumb","itemListElement":[{"@type":"ListItem","position":1,"name":"Home","item":"https:\/\/weinlager-fehraltorf.ch\/"},{"@type":"ListItem","position":2,"name":"Lagerabteile"}]},{"@type":"WebSite","@id":"https:\/\/weinlager-fehraltorf.ch\/#website","url":"https:\/\/weinlager-fehraltorf.ch\/","name":"Weinlager Fehraltorf","description":"","publisher":{"@id":"https:\/\/weinlager-fehraltorf.ch\/#organization"},"potentialAction":[{"@type":"SearchAction","target":{"@type":"EntryPoint","urlTemplate":"https:\/\/weinlager-fehraltorf.ch\/?s={search_term_string}"},"query-input":{"@type":"PropertyValueSpecification","valueRequired":true,"valueName":"search_term_string"}}],"inLanguage":"de-CH"},{"@type":"Organization","@id":"https:\/\/weinlager-fehraltorf.ch\/#organization","name":"Weinlager Fehraltorf","url":"https:\/\/weinlager-fehraltorf.ch\/","logo":{"@type":"ImageObject","inLanguage":"de-CH","@id":"https:\/\/weinlager-fehraltorf.ch\/#\/schema\/logo\/image\/","url":"https:\/\/i0.wp.com\/weinlager-fehraltorf.ch\/wp-content\/uploads\/2023\/01\/20230114_113211-1.jpg?fit=1421%2C2345&ssl=1","contentUrl":"https:\/\/i0.wp.com\/weinlager-fehraltorf.ch\/wp-content\/uploads\/2023\/01\/20230114_113211-1.jpg?fit=1421%2C2345&ssl=1","width":1421,"height":2345,"caption":"Weinlager Fehraltorf"},"image":{"@id":"https:\/\/weinlager-fehraltorf.ch\/#\/schema\/logo\/image\/"},"sameAs":["https:\/\/linkedin.com\/company\/weinlager-fehraltorf"]}]}},"jetpack_sharing_enabled":true,"_links":{"self":[{"href":"https:\/\/weinlager-fehraltorf.ch\/index.php\/wp-json\/wp\/v2\/pages\/11","targetHints":{"allow":["GET"]}}],"collection":[{"href":"https:\/\/weinlager-fehraltorf.ch\/index.php\/wp-json\/wp\/v2\/pages"}],"about":[{"href":"https:\/\/weinlager-fehraltorf.ch\/index.php\/wp-json\/wp\/v2\/types\/page"}],"author":[{"embeddable":true,"href":"https:\/\/weinlager-fehraltorf.ch\/index.php\/wp-json\/wp\/v2\/users\/1"}],"replies":[{"embeddable":true,"href":"https:\/\/weinlager-fehraltorf.ch\/index.php\/wp-json\/wp\/v2\/comments?post=11"}],"version-history":[{"count":4,"href":"https:\/\/weinlager-fehraltorf.ch\/index.php\/wp-json\/wp\/v2\/pages\/11\/revisions"}],"predecessor-version":[{"id":129,"href":"https:\/\/weinlager-fehraltorf.ch\/index.php\/wp-json\/wp\/v2\/pages\/11\/revisions\/129"}],"wp:featuredmedia":[{"embeddable":true,"href":"https:\/\/weinlager-fehraltorf.ch\/index.php\/wp-json\/wp\/v2\/media\/53"}],"wp:attachment":[{"href":"https:\/\/weinlager-fehraltorf.ch\/index.php\/wp-json\/wp\/v2\/media?parent=11"}],"curies":[{"name":"wp","href":"https:\/\/api.w.org\/{rel}","templated":true}]}}